{"id":352,"date":"2019-03-22T22:55:50","date_gmt":"2019-03-22T22:55:50","guid":{"rendered":"http:\/\/new.millivina.is\/excursions\/"},"modified":"2019-03-23T18:53:32","modified_gmt":"2019-03-23T18:53:32","slug":"escursioni","status":"publish","type":"page","link":"https:\/\/millivina.is\/it\/escursioni\/","title":{"rendered":"Escursioni"},"content":{"rendered":"<div id=\"cs-content\" class=\"cs-content\"><\/div>\n","protected":false},"excerpt":{"rendered":"<p>ESCURSIONILa\u00a0Guesthouse Milli Vina\u00a0\u00e8 in Hv\u00edt\u00e1rbakki. Hv\u00edt\u00e1rbakki \u00e8 una fattoria in un ambiente bellissimo vicino al fiume Hv\u00edt\u00e1 e la citt\u00e0 pi\u00f9 vicina \u00e8 Borganes. Nella\u00a0parte occidentale\u00a0dell\u2019Islanda si possono trovare molti luoghi interessanti e sorprendenti: Deildartunguhver\u00a0\u2013 La zona geotermica \u00e8 a 16 km. Nr Road. 50. Qui c\u2019\u00e8 una sorgente di acqua calda che, con una portata di 180 litri \/sec. &#8230; <\/p>\n<div><a href=\"https:\/\/millivina.is\/it\/escursioni\/\" class=\"more-link\">Read More<\/a><\/div>\n","protected":false},"author":1,"featured_media":0,"parent":0,"menu_order":0,"comment_status":"closed","ping_status":"closed","template":"template-blank-4.php","meta":{"footnotes":""},"class_list":["post-352","page","type-page","status-publish","hentry","no-post-thumbnail"],"_links":{"self":[{"href":"https:\/\/millivina.is\/it\/wp-json\/wp\/v2\/pages\/352","targetHints":{"allow":["GET"]}}],"collection":[{"href":"https:\/\/millivina.is\/it\/wp-json\/wp\/v2\/pages"}],"about":[{"href":"https:\/\/millivina.is\/it\/wp-json\/wp\/v2\/types\/page"}],"author":[{"embeddable":true,"href":"https:\/\/millivina.is\/it\/wp-json\/wp\/v2\/users\/1"}],"replies":[{"embeddable":true,"href":"https:\/\/millivina.is\/it\/wp-json\/wp\/v2\/comments?post=352"}],"version-history":[{"count":3,"href":"https:\/\/millivina.is\/it\/wp-json\/wp\/v2\/pages\/352\/revisions"}],"predecessor-version":[{"id":363,"href":"https:\/\/millivina.is\/it\/wp-json\/wp\/v2\/pages\/352\/revisions\/363"}],"wp:attachment":[{"href":"https:\/\/millivina.is\/it\/wp-json\/wp\/v2\/media?parent=352"}],"curies":[{"name":"wp","href":"https:\/\/api.w.org\/{rel}","templated":true}]}}