{"id":335,"date":"2019-03-22T23:02:39","date_gmt":"2019-03-22T23:02:39","guid":{"rendered":"http:\/\/new.millivina.is\/contacts\/"},"modified":"2019-03-23T19:47:19","modified_gmt":"2019-03-23T19:47:19","slug":"contatti","status":"publish","type":"page","link":"https:\/\/millivina.is\/it\/contatti\/","title":{"rendered":"Contatti"},"content":{"rendered":"<div id=\"cs-content\" class=\"cs-content\"><\/div>\n","protected":false},"excerpt":{"rendered":"<p>CONTATTIGuesthouse Milli Vina Gistiheimili ehf. Hv\u00edt\u00e1rbakka Borgarfir\u00f0i Kt.\u00a0550501-2520 Tel.\u00a000 354 785 1082 GPS\u00a064.6250837,-21.6294193 La Guesthouse Milli Vina \u00e8 situata in Hv\u00edt\u00e1rbakki nella parte ovest dell\u2019Islanda. Se provieni da Reykjavik, puoi guidare attraverso Hvalfjardargong. Percorri la strada nr.1 (circa 70 km) fino a raggiungere la strada n.50, a destra della strada nr.1. Poi guida per circa 23 km o fino a &#8230; <\/p>\n<div><a href=\"https:\/\/millivina.is\/it\/contatti\/\" class=\"more-link\">Read More<\/a><\/div>\n","protected":false},"author":1,"featured_media":0,"parent":0,"menu_order":0,"comment_status":"closed","ping_status":"closed","template":"template-blank-4.php","meta":{"footnotes":""},"class_list":["post-335","page","type-page","status-publish","hentry","no-post-thumbnail"],"_links":{"self":[{"href":"https:\/\/millivina.is\/it\/wp-json\/wp\/v2\/pages\/335","targetHints":{"allow":["GET"]}}],"collection":[{"href":"https:\/\/millivina.is\/it\/wp-json\/wp\/v2\/pages"}],"about":[{"href":"https:\/\/millivina.is\/it\/wp-json\/wp\/v2\/types\/page"}],"author":[{"embeddable":true,"href":"https:\/\/millivina.is\/it\/wp-json\/wp\/v2\/users\/1"}],"replies":[{"embeddable":true,"href":"https:\/\/millivina.is\/it\/wp-json\/wp\/v2\/comments?post=335"}],"version-history":[{"count":4,"href":"https:\/\/millivina.is\/it\/wp-json\/wp\/v2\/pages\/335\/revisions"}],"predecessor-version":[{"id":459,"href":"https:\/\/millivina.is\/it\/wp-json\/wp\/v2\/pages\/335\/revisions\/459"}],"wp:attachment":[{"href":"https:\/\/millivina.is\/it\/wp-json\/wp\/v2\/media?parent=335"}],"curies":[{"name":"wp","href":"https:\/\/api.w.org\/{rel}","templated":true}]}}