{"id":284,"date":"2019-03-22T20:36:55","date_gmt":"2019-03-22T20:36:55","guid":{"rendered":"http:\/\/new.millivina.is\/about-us\/"},"modified":"2019-03-23T18:24:24","modified_gmt":"2019-03-23T18:24:24","slug":"chi-siamo","status":"publish","type":"page","link":"https:\/\/millivina.is\/it\/chi-siamo\/","title":{"rendered":"Chi siamo"},"content":{"rendered":"<div id=\"cs-content\" class=\"cs-content\"><\/div>\n","protected":false},"excerpt":{"rendered":"<p>CHI SIAMO La storia della\u00a0Guesthouse Milli Vina\u00a0\u00e8 molto carina. La Guesthouse Milli Vina \u00e8 a Hv\u00edt\u00e1rbakki. Hv\u00edt\u00e1rbakki era una fattoria. Nel 1998 Siggi e Inga (i precedenti proprietari) si trasferirono a Hv\u00edt\u00e1rbakki e iniziarono l\u2019attivit\u00e0 di riabilitazione di giovani con problemi di tossicodipendenza in questo luogo. Essi avevano anche alcuni animali, tra cui pecore, cavalli, galline, un cane e un &#8230; <\/p>\n<div><a href=\"https:\/\/millivina.is\/it\/chi-siamo\/\" class=\"more-link\">Read More<\/a><\/div>\n","protected":false},"author":1,"featured_media":0,"parent":0,"menu_order":0,"comment_status":"closed","ping_status":"closed","template":"template-blank-4.php","meta":{"footnotes":""},"class_list":["post-284","page","type-page","status-publish","hentry","no-post-thumbnail"],"_links":{"self":[{"href":"https:\/\/millivina.is\/it\/wp-json\/wp\/v2\/pages\/284","targetHints":{"allow":["GET"]}}],"collection":[{"href":"https:\/\/millivina.is\/it\/wp-json\/wp\/v2\/pages"}],"about":[{"href":"https:\/\/millivina.is\/it\/wp-json\/wp\/v2\/types\/page"}],"author":[{"embeddable":true,"href":"https:\/\/millivina.is\/it\/wp-json\/wp\/v2\/users\/1"}],"replies":[{"embeddable":true,"href":"https:\/\/millivina.is\/it\/wp-json\/wp\/v2\/comments?post=284"}],"version-history":[{"count":11,"href":"https:\/\/millivina.is\/it\/wp-json\/wp\/v2\/pages\/284\/revisions"}],"predecessor-version":[{"id":331,"href":"https:\/\/millivina.is\/it\/wp-json\/wp\/v2\/pages\/284\/revisions\/331"}],"wp:attachment":[{"href":"https:\/\/millivina.is\/it\/wp-json\/wp\/v2\/media?parent=284"}],"curies":[{"name":"wp","href":"https:\/\/api.w.org\/{rel}","templated":true}]}}