{"id":393,"date":"2019-03-22T20:52:07","date_gmt":"2019-03-22T20:52:07","guid":{"rendered":"http:\/\/new.millivina.is\/rooms\/"},"modified":"2019-03-23T19:18:28","modified_gmt":"2019-03-23T19:18:28","slug":"chambres","status":"publish","type":"page","link":"https:\/\/millivina.is\/fr\/chambres\/","title":{"rendered":"Chambres"},"content":{"rendered":"<div id=\"cs-content\" class=\"cs-content\"><\/div>\n","protected":false},"excerpt":{"rendered":"<p>NOS CHAMBRES Bienvenus dans notre guesthouse! Le luxe est sa simplicit\u00e9 dans une maison belle et confortable. L\u2019\u00e9tablissement est situ\u00e9 dans un environnement tr\u00e8s relaxant au milieu du Borgarfjordur environ \u00e0 90 km de Reykjavik dans l\u2019ouest de l\u2019Islande, dans une ferme nomm\u00e9 Hv\u00edt\u00e1rbakki. Il faut environ une heure de route depuis Reykjavik. La propri\u00e9t\u00e9 dispose de six chambres avec &#8230; <\/p>\n<div><a href=\"https:\/\/millivina.is\/fr\/chambres\/\" class=\"more-link\">Read More<\/a><\/div>\n","protected":false},"author":1,"featured_media":0,"parent":0,"menu_order":0,"comment_status":"closed","ping_status":"closed","template":"template-blank-4.php","meta":{"footnotes":""},"class_list":["post-393","page","type-page","status-publish","hentry","no-post-thumbnail"],"_links":{"self":[{"href":"https:\/\/millivina.is\/fr\/wp-json\/wp\/v2\/pages\/393","targetHints":{"allow":["GET"]}}],"collection":[{"href":"https:\/\/millivina.is\/fr\/wp-json\/wp\/v2\/pages"}],"about":[{"href":"https:\/\/millivina.is\/fr\/wp-json\/wp\/v2\/types\/page"}],"author":[{"embeddable":true,"href":"https:\/\/millivina.is\/fr\/wp-json\/wp\/v2\/users\/1"}],"replies":[{"embeddable":true,"href":"https:\/\/millivina.is\/fr\/wp-json\/wp\/v2\/comments?post=393"}],"version-history":[{"count":3,"href":"https:\/\/millivina.is\/fr\/wp-json\/wp\/v2\/pages\/393\/revisions"}],"predecessor-version":[{"id":405,"href":"https:\/\/millivina.is\/fr\/wp-json\/wp\/v2\/pages\/393\/revisions\/405"}],"wp:attachment":[{"href":"https:\/\/millivina.is\/fr\/wp-json\/wp\/v2\/media?parent=393"}],"curies":[{"name":"wp","href":"https:\/\/api.w.org\/{rel}","templated":true}]}}