{"id":377,"date":"2019-03-22T23:14:57","date_gmt":"2019-03-22T23:14:57","guid":{"rendered":"http:\/\/new.millivina.is\/prices-and-offers\/"},"modified":"2019-03-23T19:11:42","modified_gmt":"2019-03-23T19:11:42","slug":"prix-et-offers","status":"publish","type":"page","link":"https:\/\/millivina.is\/fr\/prix-et-offers\/","title":{"rendered":"Prix et offers"},"content":{"rendered":"<div id=\"cs-content\" class=\"cs-content\"><\/div>\n","protected":false},"excerpt":{"rendered":"<p>PRIX ET OFFERS NOS CHAMBRES PRIXContactez-nous pour toute information sur les prix et les services. La maison peut \u00e9galement \u00eatre enti\u00e8rement lou\u00e9e. \u00c9crivez un e-mail \u00e0 millivina@millivina.is Nombre * Email * Subject Mensaje * He le\u00eddo y acepto la pol\u00edtica de privacidad*<\/p>\n","protected":false},"author":1,"featured_media":0,"parent":0,"menu_order":0,"comment_status":"closed","ping_status":"closed","template":"template-blank-4.php","meta":{"footnotes":""},"class_list":["post-377","page","type-page","status-publish","hentry","no-post-thumbnail"],"_links":{"self":[{"href":"https:\/\/millivina.is\/fr\/wp-json\/wp\/v2\/pages\/377","targetHints":{"allow":["GET"]}}],"collection":[{"href":"https:\/\/millivina.is\/fr\/wp-json\/wp\/v2\/pages"}],"about":[{"href":"https:\/\/millivina.is\/fr\/wp-json\/wp\/v2\/types\/page"}],"author":[{"embeddable":true,"href":"https:\/\/millivina.is\/fr\/wp-json\/wp\/v2\/users\/1"}],"replies":[{"embeddable":true,"href":"https:\/\/millivina.is\/fr\/wp-json\/wp\/v2\/comments?post=377"}],"version-history":[{"count":3,"href":"https:\/\/millivina.is\/fr\/wp-json\/wp\/v2\/pages\/377\/revisions"}],"predecessor-version":[{"id":389,"href":"https:\/\/millivina.is\/fr\/wp-json\/wp\/v2\/pages\/377\/revisions\/389"}],"wp:attachment":[{"href":"https:\/\/millivina.is\/fr\/wp-json\/wp\/v2\/media?parent=377"}],"curies":[{"name":"wp","href":"https:\/\/api.w.org\/{rel}","templated":true}]}}