{"id":365,"date":"2019-03-22T17:34:57","date_gmt":"2019-03-22T17:34:57","guid":{"rendered":"http:\/\/new.millivina.is\/millivina\/"},"modified":"2022-09-05T14:23:50","modified_gmt":"2022-09-05T14:23:50","slug":"millivina","status":"publish","type":"page","link":"https:\/\/millivina.is\/fr\/","title":{"rendered":"Millivina"},"content":{"rendered":"<div id=\"cs-content\" class=\"cs-content\"><\/div>\n","protected":false},"excerpt":{"rendered":"<p>D\u00c9COUVRIR LA MAGIE DE L&rsquo;ISLANDESIX CHAMBRES DANS UNE MAISON TYPIQUE ISLANDAISBienvenus dans notre guesthouse Milli Vina! Le luxe est sa simplicit\u00e9 dans une maison belle et confortable. L\u2019\u00e9tablissement est situ\u00e9 dans un environnement tr\u00e8s relaxant au milieu du Borgarfjordur environ \u00e0 90 km de Reykjavik \u00e0 l\u2019ouest de l\u2019Islande, dans une ferme nomm\u00e9 Hv\u00edt\u00e1rbakki. Photo Credit:\u00a0Tommaso Pini D\u00e9couvrez nos chambresPROFITEZ &#8230; <\/p>\n<div><a href=\"https:\/\/millivina.is\/fr\/\" class=\"more-link\">Read More<\/a><\/div>\n","protected":false},"author":1,"featured_media":0,"parent":0,"menu_order":0,"comment_status":"closed","ping_status":"closed","template":"template-blank-4.php","meta":{"footnotes":""},"class_list":["post-365","page","type-page","status-publish","hentry","no-post-thumbnail"],"_links":{"self":[{"href":"https:\/\/millivina.is\/fr\/wp-json\/wp\/v2\/pages\/365","targetHints":{"allow":["GET"]}}],"collection":[{"href":"https:\/\/millivina.is\/fr\/wp-json\/wp\/v2\/pages"}],"about":[{"href":"https:\/\/millivina.is\/fr\/wp-json\/wp\/v2\/types\/page"}],"author":[{"embeddable":true,"href":"https:\/\/millivina.is\/fr\/wp-json\/wp\/v2\/users\/1"}],"replies":[{"embeddable":true,"href":"https:\/\/millivina.is\/fr\/wp-json\/wp\/v2\/comments?post=365"}],"version-history":[{"count":21,"href":"https:\/\/millivina.is\/fr\/wp-json\/wp\/v2\/pages\/365\/revisions"}],"predecessor-version":[{"id":7618,"href":"https:\/\/millivina.is\/fr\/wp-json\/wp\/v2\/pages\/365\/revisions\/7618"}],"wp:attachment":[{"href":"https:\/\/millivina.is\/fr\/wp-json\/wp\/v2\/media?parent=365"}],"curies":[{"name":"wp","href":"https:\/\/api.w.org\/{rel}","templated":true}]}}