{"id":350,"date":"2019-03-22T22:55:50","date_gmt":"2019-03-22T22:55:50","guid":{"rendered":"http:\/\/new.millivina.is\/excursions\/"},"modified":"2019-03-23T18:49:28","modified_gmt":"2019-03-23T18:49:28","slug":"excursions","status":"publish","type":"page","link":"https:\/\/millivina.is\/fr\/excursions\/","title":{"rendered":"Excursions"},"content":{"rendered":"<div id=\"cs-content\" class=\"cs-content\"><\/div>\n","protected":false},"excerpt":{"rendered":"<p>EXCURSIONSLa\u00a0guesthouse Milli Vina\u00a0est \u00e0 Hv\u00edt\u00e1rbakki. Hv\u00edt\u00e1rbakki c\u2019est une ferme dans un cadre magnifique pr\u00e8s de la rivi\u00e8re Hv\u00edt\u00e1 et la ville la plus proche est Borganes. Dans la partie ouest de l\u2019Islande on peut trouver de nombreux endroits int\u00e9ressants et surprenants : Deildartunguhver\u00a0\u2013 La zone g\u00e9othermique est \u00e0 16 km. Route nr. 50. Ici, il y a une source d\u2019eau &#8230; <\/p>\n<div><a href=\"https:\/\/millivina.is\/fr\/excursions\/\" class=\"more-link\">Read More<\/a><\/div>\n","protected":false},"author":1,"featured_media":0,"parent":0,"menu_order":0,"comment_status":"closed","ping_status":"closed","template":"template-blank-4.php","meta":{"footnotes":""},"class_list":["post-350","page","type-page","status-publish","hentry","no-post-thumbnail"],"_links":{"self":[{"href":"https:\/\/millivina.is\/fr\/wp-json\/wp\/v2\/pages\/350","targetHints":{"allow":["GET"]}}],"collection":[{"href":"https:\/\/millivina.is\/fr\/wp-json\/wp\/v2\/pages"}],"about":[{"href":"https:\/\/millivina.is\/fr\/wp-json\/wp\/v2\/types\/page"}],"author":[{"embeddable":true,"href":"https:\/\/millivina.is\/fr\/wp-json\/wp\/v2\/users\/1"}],"replies":[{"embeddable":true,"href":"https:\/\/millivina.is\/fr\/wp-json\/wp\/v2\/comments?post=350"}],"version-history":[{"count":2,"href":"https:\/\/millivina.is\/fr\/wp-json\/wp\/v2\/pages\/350\/revisions"}],"predecessor-version":[{"id":360,"href":"https:\/\/millivina.is\/fr\/wp-json\/wp\/v2\/pages\/350\/revisions\/360"}],"wp:attachment":[{"href":"https:\/\/millivina.is\/fr\/wp-json\/wp\/v2\/media?parent=350"}],"curies":[{"name":"wp","href":"https:\/\/api.w.org\/{rel}","templated":true}]}}