{"id":333,"date":"2019-03-22T23:02:39","date_gmt":"2019-03-22T23:02:39","guid":{"rendered":"http:\/\/new.millivina.is\/contacts\/"},"modified":"2019-03-23T19:47:08","modified_gmt":"2019-03-23T19:47:08","slug":"contatti","status":"publish","type":"page","link":"https:\/\/millivina.is\/fr\/contatti\/","title":{"rendered":"Contatti"},"content":{"rendered":"<div id=\"cs-content\" class=\"cs-content\"><\/div>\n","protected":false},"excerpt":{"rendered":"<p>CONTACTSGuesthouse Milli Vina Gistiheimili ehf. Hv\u00edt\u00e1rbakka Borgarfir\u00f0i Kt.\u00a0550501-2520 T\u00e9l\u00e9phone\u00a000 354 785 1082 GPS\u00a064.6250837,-21.6294193 Guesthouse Milli Vina est situ\u00e9e dans Hv\u00edt\u00e1rbakki dans l\u2019ouest de l\u2019Islande. En provenance de Reykjavik, vous pouvez voyager \u00e0 travers Hvalfjardargong. Rouler sur la route n\u00b01 (environ 70 km) jusqu\u2019\u00e0 ce que vous atteigniez la route nr 50, \u00e0 la droite de la route n\u00b0 1. Puis &#8230; <\/p>\n<div><a href=\"https:\/\/millivina.is\/fr\/contatti\/\" class=\"more-link\">Read More<\/a><\/div>\n","protected":false},"author":1,"featured_media":0,"parent":0,"menu_order":0,"comment_status":"closed","ping_status":"closed","template":"template-blank-4.php","meta":{"footnotes":""},"class_list":["post-333","page","type-page","status-publish","hentry","no-post-thumbnail"],"_links":{"self":[{"href":"https:\/\/millivina.is\/fr\/wp-json\/wp\/v2\/pages\/333","targetHints":{"allow":["GET"]}}],"collection":[{"href":"https:\/\/millivina.is\/fr\/wp-json\/wp\/v2\/pages"}],"about":[{"href":"https:\/\/millivina.is\/fr\/wp-json\/wp\/v2\/types\/page"}],"author":[{"embeddable":true,"href":"https:\/\/millivina.is\/fr\/wp-json\/wp\/v2\/users\/1"}],"replies":[{"embeddable":true,"href":"https:\/\/millivina.is\/fr\/wp-json\/wp\/v2\/comments?post=333"}],"version-history":[{"count":4,"href":"https:\/\/millivina.is\/fr\/wp-json\/wp\/v2\/pages\/333\/revisions"}],"predecessor-version":[{"id":458,"href":"https:\/\/millivina.is\/fr\/wp-json\/wp\/v2\/pages\/333\/revisions\/458"}],"wp:attachment":[{"href":"https:\/\/millivina.is\/fr\/wp-json\/wp\/v2\/media?parent=333"}],"curies":[{"name":"wp","href":"https:\/\/api.w.org\/{rel}","templated":true}]}}