{"id":282,"date":"2019-03-22T20:36:55","date_gmt":"2019-03-22T20:36:55","guid":{"rendered":"http:\/\/new.millivina.is\/about-us\/"},"modified":"2019-03-23T18:23:40","modified_gmt":"2019-03-23T18:23:40","slug":"qui-nous-sommes","status":"publish","type":"page","link":"https:\/\/millivina.is\/fr\/qui-nous-sommes\/","title":{"rendered":"Qui nous sommes"},"content":{"rendered":"<div id=\"cs-content\" class=\"cs-content\"><\/div>\n","protected":false},"excerpt":{"rendered":"<p>QUI NOUS SOMMES L\u2019histoire de\u00a0Guesthouse Milli Vina\u00a0est tr\u00e8s jolie. Guesthouse Milli Vina est \u00e0 Hv\u00edt\u00e1rbakki. Hv\u00edt\u00e1rbakki \u00e9tait une ferme. En 1998 Siggi et Inga (les anciens propri\u00e9taires) se sont d\u00e9plac\u00e9s vers Hv\u00edt\u00e1rbakki et ont commenc\u00e9 dans ce lieu la r\u00e9habilitation de jeunes ayant des probl\u00e8mes de drogue. Ils avaient aussi des animaux, y compris des moutons, chevaux, poulets, un chien &#8230; <\/p>\n<div><a href=\"https:\/\/millivina.is\/fr\/qui-nous-sommes\/\" class=\"more-link\">Read More<\/a><\/div>\n","protected":false},"author":1,"featured_media":0,"parent":0,"menu_order":0,"comment_status":"closed","ping_status":"closed","template":"template-blank-4.php","meta":{"footnotes":""},"class_list":["post-282","page","type-page","status-publish","hentry","no-post-thumbnail"],"_links":{"self":[{"href":"https:\/\/millivina.is\/fr\/wp-json\/wp\/v2\/pages\/282","targetHints":{"allow":["GET"]}}],"collection":[{"href":"https:\/\/millivina.is\/fr\/wp-json\/wp\/v2\/pages"}],"about":[{"href":"https:\/\/millivina.is\/fr\/wp-json\/wp\/v2\/types\/page"}],"author":[{"embeddable":true,"href":"https:\/\/millivina.is\/fr\/wp-json\/wp\/v2\/users\/1"}],"replies":[{"embeddable":true,"href":"https:\/\/millivina.is\/fr\/wp-json\/wp\/v2\/comments?post=282"}],"version-history":[{"count":12,"href":"https:\/\/millivina.is\/fr\/wp-json\/wp\/v2\/pages\/282\/revisions"}],"predecessor-version":[{"id":329,"href":"https:\/\/millivina.is\/fr\/wp-json\/wp\/v2\/pages\/282\/revisions\/329"}],"wp:attachment":[{"href":"https:\/\/millivina.is\/fr\/wp-json\/wp\/v2\/media?parent=282"}],"curies":[{"name":"wp","href":"https:\/\/api.w.org\/{rel}","templated":true}]}}