{"id":380,"date":"2019-03-22T23:14:57","date_gmt":"2019-03-22T23:14:57","guid":{"rendered":"http:\/\/new.millivina.is\/prices-and-offers\/"},"modified":"2019-03-23T19:13:01","modified_gmt":"2019-03-23T19:13:01","slug":"prices-and-offers","status":"publish","type":"page","link":"https:\/\/millivina.is\/es\/prices-and-offers\/","title":{"rendered":"Precios y Ofertas"},"content":{"rendered":"<div id=\"cs-content\" class=\"cs-content\"><\/div>\n","protected":false},"excerpt":{"rendered":"<p>PRECIOS Y OFERTAS NUESTRAS HABITACIONES PRICESCont\u00e1ctenos para cualquier informaci\u00f3n sobre precios y servicios. La casa tambi\u00e9n se puede alquilar por completo. Escriba un correo electr\u00f3nico a millivina@millivina.is Nombre * Email * Subject Mensaje * He le\u00eddo y acepto la pol\u00edtica de privacidad*<\/p>\n","protected":false},"author":1,"featured_media":0,"parent":0,"menu_order":0,"comment_status":"closed","ping_status":"closed","template":"template-blank-4.php","meta":{"footnotes":""},"class_list":["post-380","page","type-page","status-publish","hentry","no-post-thumbnail"],"_links":{"self":[{"href":"https:\/\/millivina.is\/es\/wp-json\/wp\/v2\/pages\/380","targetHints":{"allow":["GET"]}}],"collection":[{"href":"https:\/\/millivina.is\/es\/wp-json\/wp\/v2\/pages"}],"about":[{"href":"https:\/\/millivina.is\/es\/wp-json\/wp\/v2\/types\/page"}],"author":[{"embeddable":true,"href":"https:\/\/millivina.is\/es\/wp-json\/wp\/v2\/users\/1"}],"replies":[{"embeddable":true,"href":"https:\/\/millivina.is\/es\/wp-json\/wp\/v2\/comments?post=380"}],"version-history":[{"count":3,"href":"https:\/\/millivina.is\/es\/wp-json\/wp\/v2\/pages\/380\/revisions"}],"predecessor-version":[{"id":392,"href":"https:\/\/millivina.is\/es\/wp-json\/wp\/v2\/pages\/380\/revisions\/392"}],"wp:attachment":[{"href":"https:\/\/millivina.is\/es\/wp-json\/wp\/v2\/media?parent=380"}],"curies":[{"name":"wp","href":"https:\/\/api.w.org\/{rel}","templated":true}]}}