{"id":368,"date":"2019-03-22T17:34:57","date_gmt":"2019-03-22T17:34:57","guid":{"rendered":"http:\/\/new.millivina.is\/millivina\/"},"modified":"2022-09-05T14:22:34","modified_gmt":"2022-09-05T14:22:34","slug":"millivina","status":"publish","type":"page","link":"https:\/\/millivina.is\/es\/","title":{"rendered":"Millivina"},"content":{"rendered":"<div id=\"cs-content\" class=\"cs-content\"><\/div>\n","protected":false},"excerpt":{"rendered":"<p>DESCUBRE LA MAG\u00cdA DE ISLANDIA6 HABITACIONES EN UNA T\u00cdPICA FACTOR\u00cdA ISLANDESABienvenidos en nuestra posada Milli Vina! El lujo es su simplicidad dentro de una casa bella y c\u00f3moda. La posada se encuentra en un entorno muy relajante en el medio de Borgarfjordur a circa 90 km de Reykjavik en el oeste de Islandia, en una factor\u00eda llamada Hv\u00edt\u00e1rbakki. Photo Credit:\u00a0Tommaso &#8230; <\/p>\n<div><a href=\"https:\/\/millivina.is\/es\/\" class=\"more-link\">Read More<\/a><\/div>\n","protected":false},"author":1,"featured_media":0,"parent":0,"menu_order":0,"comment_status":"closed","ping_status":"closed","template":"template-blank-4.php","meta":{"footnotes":""},"class_list":["post-368","page","type-page","status-publish","hentry","no-post-thumbnail"],"_links":{"self":[{"href":"https:\/\/millivina.is\/es\/wp-json\/wp\/v2\/pages\/368","targetHints":{"allow":["GET"]}}],"collection":[{"href":"https:\/\/millivina.is\/es\/wp-json\/wp\/v2\/pages"}],"about":[{"href":"https:\/\/millivina.is\/es\/wp-json\/wp\/v2\/types\/page"}],"author":[{"embeddable":true,"href":"https:\/\/millivina.is\/es\/wp-json\/wp\/v2\/users\/1"}],"replies":[{"embeddable":true,"href":"https:\/\/millivina.is\/es\/wp-json\/wp\/v2\/comments?post=368"}],"version-history":[{"count":18,"href":"https:\/\/millivina.is\/es\/wp-json\/wp\/v2\/pages\/368\/revisions"}],"predecessor-version":[{"id":7615,"href":"https:\/\/millivina.is\/es\/wp-json\/wp\/v2\/pages\/368\/revisions\/7615"}],"wp:attachment":[{"href":"https:\/\/millivina.is\/es\/wp-json\/wp\/v2\/media?parent=368"}],"curies":[{"name":"wp","href":"https:\/\/api.w.org\/{rel}","templated":true}]}}