{"id":353,"date":"2019-03-22T22:55:50","date_gmt":"2019-03-22T22:55:50","guid":{"rendered":"http:\/\/new.millivina.is\/excursions\/"},"modified":"2019-03-23T18:53:48","modified_gmt":"2019-03-23T18:53:48","slug":"excursiones","status":"publish","type":"page","link":"https:\/\/millivina.is\/es\/excursiones\/","title":{"rendered":"Excursiones"},"content":{"rendered":"<div id=\"cs-content\" class=\"cs-content\"><\/div>\n","protected":false},"excerpt":{"rendered":"<p>EXCURSIONESLa\u00a0posada Milli Vina\u00a0est\u00e1 en Hv\u00edt\u00e1rbakki. Hv\u00edt\u00e1rbakki es una factor\u00eda en un entorno precioso cerca del r\u00edo Hv\u00edt\u00e1. El pueblo m\u00e1s cerca es Borgarnes. En la\u00a0parte occidental de Islandia\u00a0se pueden encontrar muchos lugares interesantes y sorprendentes: Deildartunguhver\u00a0\u2013 La fuente geotermal est\u00e1 situada al km 16 de la carretera n\u00famero 50. Es una fuente de agua caliente que, con una velocidad de &#8230; <\/p>\n<div><a href=\"https:\/\/millivina.is\/es\/excursiones\/\" class=\"more-link\">Read More<\/a><\/div>\n","protected":false},"author":1,"featured_media":0,"parent":0,"menu_order":0,"comment_status":"closed","ping_status":"closed","template":"template-blank-4.php","meta":{"footnotes":""},"class_list":["post-353","page","type-page","status-publish","hentry","no-post-thumbnail"],"_links":{"self":[{"href":"https:\/\/millivina.is\/es\/wp-json\/wp\/v2\/pages\/353","targetHints":{"allow":["GET"]}}],"collection":[{"href":"https:\/\/millivina.is\/es\/wp-json\/wp\/v2\/pages"}],"about":[{"href":"https:\/\/millivina.is\/es\/wp-json\/wp\/v2\/types\/page"}],"author":[{"embeddable":true,"href":"https:\/\/millivina.is\/es\/wp-json\/wp\/v2\/users\/1"}],"replies":[{"embeddable":true,"href":"https:\/\/millivina.is\/es\/wp-json\/wp\/v2\/comments?post=353"}],"version-history":[{"count":3,"href":"https:\/\/millivina.is\/es\/wp-json\/wp\/v2\/pages\/353\/revisions"}],"predecessor-version":[{"id":364,"href":"https:\/\/millivina.is\/es\/wp-json\/wp\/v2\/pages\/353\/revisions\/364"}],"wp:attachment":[{"href":"https:\/\/millivina.is\/es\/wp-json\/wp\/v2\/media?parent=353"}],"curies":[{"name":"wp","href":"https:\/\/api.w.org\/{rel}","templated":true}]}}