{"id":336,"date":"2019-03-22T23:02:39","date_gmt":"2019-03-22T23:02:39","guid":{"rendered":"http:\/\/new.millivina.is\/contacts\/"},"modified":"2019-03-23T19:46:58","modified_gmt":"2019-03-23T19:46:58","slug":"contactos","status":"publish","type":"page","link":"https:\/\/millivina.is\/es\/contactos\/","title":{"rendered":"Contactos"},"content":{"rendered":"<div id=\"cs-content\" class=\"cs-content\"><\/div>\n","protected":false},"excerpt":{"rendered":"<p>CONTACTOSGuesthouse Milli Vina Gistiheimili ehf. Hv\u00edt\u00e1rbakka Borgarfir\u00f0i Kt.\u00a0550501-2520 Tel\u00a000 354 785 1082 GPS\u00a064.6250837,-21.6294193 La Posada Milli Vina est\u00e0 en Hv\u00edt\u00e1rbakki en la parte oeste de Islandia. Si llegas de Reykjavik, puedes conducir a trav\u00e9s de Hvalfjardargong. Sigue la carretera nr.1 (circa 70 km) hasta a que llegues a la carretera n.50, a mano derecha de la carretera nr.1. Luego, conduces &#8230; <\/p>\n<div><a href=\"https:\/\/millivina.is\/es\/contactos\/\" class=\"more-link\">Read More<\/a><\/div>\n","protected":false},"author":1,"featured_media":0,"parent":0,"menu_order":0,"comment_status":"closed","ping_status":"closed","template":"template-blank-4.php","meta":{"footnotes":""},"class_list":["post-336","page","type-page","status-publish","hentry","no-post-thumbnail"],"_links":{"self":[{"href":"https:\/\/millivina.is\/es\/wp-json\/wp\/v2\/pages\/336","targetHints":{"allow":["GET"]}}],"collection":[{"href":"https:\/\/millivina.is\/es\/wp-json\/wp\/v2\/pages"}],"about":[{"href":"https:\/\/millivina.is\/es\/wp-json\/wp\/v2\/types\/page"}],"author":[{"embeddable":true,"href":"https:\/\/millivina.is\/es\/wp-json\/wp\/v2\/users\/1"}],"replies":[{"embeddable":true,"href":"https:\/\/millivina.is\/es\/wp-json\/wp\/v2\/comments?post=336"}],"version-history":[{"count":5,"href":"https:\/\/millivina.is\/es\/wp-json\/wp\/v2\/pages\/336\/revisions"}],"predecessor-version":[{"id":457,"href":"https:\/\/millivina.is\/es\/wp-json\/wp\/v2\/pages\/336\/revisions\/457"}],"wp:attachment":[{"href":"https:\/\/millivina.is\/es\/wp-json\/wp\/v2\/media?parent=336"}],"curies":[{"name":"wp","href":"https:\/\/api.w.org\/{rel}","templated":true}]}}