{"id":285,"date":"2019-03-22T20:36:55","date_gmt":"2019-03-22T20:36:55","guid":{"rendered":"http:\/\/new.millivina.is\/about-us\/"},"modified":"2019-03-23T18:24:43","modified_gmt":"2019-03-23T18:24:43","slug":"quienes-somos","status":"publish","type":"page","link":"https:\/\/millivina.is\/es\/quienes-somos\/","title":{"rendered":"Quienes somos"},"content":{"rendered":"<div id=\"cs-content\" class=\"cs-content\"><\/div>\n","protected":false},"excerpt":{"rendered":"<p>QUI\u00c9NES SOMOS La historia de la\u00a0Milli Vina\u00a0es muy agradable. La casa de hu\u00e9spedes Milli Vina est\u00e1 en Hv\u00edt\u00e1rbakki que sol\u00eda ser una granja. En 1998 Siggi e Inga (los antiguos propietarios) se trasladaron a Hv\u00edt\u00e1rbakki y comenzaron un tratamiento en el hogar para los j\u00f3venes que ten\u00edan problemas relacionados con el abuso de drogas. Tambi\u00e9n ten\u00edan algunos animales, ovejas, caballos, &#8230; <\/p>\n<div><a href=\"https:\/\/millivina.is\/es\/quienes-somos\/\" class=\"more-link\">Read More<\/a><\/div>\n","protected":false},"author":1,"featured_media":0,"parent":0,"menu_order":0,"comment_status":"closed","ping_status":"closed","template":"template-blank-4.php","meta":{"footnotes":""},"class_list":["post-285","page","type-page","status-publish","hentry","no-post-thumbnail"],"_links":{"self":[{"href":"https:\/\/millivina.is\/es\/wp-json\/wp\/v2\/pages\/285","targetHints":{"allow":["GET"]}}],"collection":[{"href":"https:\/\/millivina.is\/es\/wp-json\/wp\/v2\/pages"}],"about":[{"href":"https:\/\/millivina.is\/es\/wp-json\/wp\/v2\/types\/page"}],"author":[{"embeddable":true,"href":"https:\/\/millivina.is\/es\/wp-json\/wp\/v2\/users\/1"}],"replies":[{"embeddable":true,"href":"https:\/\/millivina.is\/es\/wp-json\/wp\/v2\/comments?post=285"}],"version-history":[{"count":11,"href":"https:\/\/millivina.is\/es\/wp-json\/wp\/v2\/pages\/285\/revisions"}],"predecessor-version":[{"id":332,"href":"https:\/\/millivina.is\/es\/wp-json\/wp\/v2\/pages\/285\/revisions\/332"}],"wp:attachment":[{"href":"https:\/\/millivina.is\/es\/wp-json\/wp\/v2\/media?parent=285"}],"curies":[{"name":"wp","href":"https:\/\/api.w.org\/{rel}","templated":true}]}}