{"id":394,"date":"2019-03-22T20:52:07","date_gmt":"2019-03-22T20:52:07","guid":{"rendered":"http:\/\/new.millivina.is\/rooms\/"},"modified":"2019-03-23T19:18:47","modified_gmt":"2019-03-23T19:18:47","slug":"zimmer","status":"publish","type":"page","link":"https:\/\/millivina.is\/de\/zimmer\/","title":{"rendered":"Zimmer"},"content":{"rendered":"<div id=\"cs-content\" class=\"cs-content\"><\/div>\n","protected":false},"excerpt":{"rendered":"<p>UNSERE ZIMMER Willkommen in unserem G\u00e4stehaus! Luxus in seiner Einfachheit in einem sch\u00f6nen und komfortablen Haus. Das G\u00e4stehaus befindet sich in entspannter Atmosph\u00e4re in der Mitte des Borgarfj\u00f6rdur ca. 90 km von Reykjav\u00edk im Westen von Island auf einer Farm namens Hv\u00edt\u00e1rbakki. Von Reykjav\u00edk f\u00e4hrt man ca. 1 Stunde, bis man das G\u00e4stehaus erreicht. Das G\u00e4stehaus besteht aus sechs zimmer\u00a0mit &#8230; <\/p>\n<div><a href=\"https:\/\/millivina.is\/de\/zimmer\/\" class=\"more-link\">Read More<\/a><\/div>\n","protected":false},"author":1,"featured_media":0,"parent":0,"menu_order":0,"comment_status":"closed","ping_status":"closed","template":"template-blank-4.php","meta":{"footnotes":""},"class_list":["post-394","page","type-page","status-publish","hentry","no-post-thumbnail"],"_links":{"self":[{"href":"https:\/\/millivina.is\/de\/wp-json\/wp\/v2\/pages\/394","targetHints":{"allow":["GET"]}}],"collection":[{"href":"https:\/\/millivina.is\/de\/wp-json\/wp\/v2\/pages"}],"about":[{"href":"https:\/\/millivina.is\/de\/wp-json\/wp\/v2\/types\/page"}],"author":[{"embeddable":true,"href":"https:\/\/millivina.is\/de\/wp-json\/wp\/v2\/users\/1"}],"replies":[{"embeddable":true,"href":"https:\/\/millivina.is\/de\/wp-json\/wp\/v2\/comments?post=394"}],"version-history":[{"count":3,"href":"https:\/\/millivina.is\/de\/wp-json\/wp\/v2\/pages\/394\/revisions"}],"predecessor-version":[{"id":406,"href":"https:\/\/millivina.is\/de\/wp-json\/wp\/v2\/pages\/394\/revisions\/406"}],"wp:attachment":[{"href":"https:\/\/millivina.is\/de\/wp-json\/wp\/v2\/media?parent=394"}],"curies":[{"name":"wp","href":"https:\/\/api.w.org\/{rel}","templated":true}]}}