{"id":366,"date":"2019-03-22T17:34:57","date_gmt":"2019-03-22T17:34:57","guid":{"rendered":"http:\/\/new.millivina.is\/millivina\/"},"modified":"2022-09-05T14:21:14","modified_gmt":"2022-09-05T14:21:14","slug":"millivina","status":"publish","type":"page","link":"https:\/\/millivina.is\/de\/","title":{"rendered":"Millivina"},"content":{"rendered":"<div id=\"cs-content\" class=\"cs-content\"><\/div>\n","protected":false},"excerpt":{"rendered":"<p>ENTDECKEN DIE DEN ZAUBER ISLANDS6 ZIMMER IN EINEM TYPISCHEN ISL\u00c4NDISCHEN BAUERNHOFWillkommen in unserem G\u00e4stehaus! Luxus in seiner Einfachheit in einem sch\u00f6nen und komfortablen Haus. Das G\u00e4stehaus befindet sich in entspannter Atmosph\u00e4re in der Mitte des Borgarfj\u00f6rdur ca. 90 km von Reykjav\u00edk entfernt im Westen von Island auf einer Farm namens Hv\u00edt\u00e1rbakki. Photo Credit:\u00a0Tommaso Pini Entdecken Sie Die ZimmerGENIESSEN SIE DIE &#8230; <\/p>\n<div><a href=\"https:\/\/millivina.is\/de\/\" class=\"more-link\">Read More<\/a><\/div>\n","protected":false},"author":1,"featured_media":0,"parent":0,"menu_order":0,"comment_status":"closed","ping_status":"closed","template":"template-blank-4.php","meta":{"footnotes":""},"class_list":["post-366","page","type-page","status-publish","hentry","no-post-thumbnail"],"_links":{"self":[{"href":"https:\/\/millivina.is\/de\/wp-json\/wp\/v2\/pages\/366","targetHints":{"allow":["GET"]}}],"collection":[{"href":"https:\/\/millivina.is\/de\/wp-json\/wp\/v2\/pages"}],"about":[{"href":"https:\/\/millivina.is\/de\/wp-json\/wp\/v2\/types\/page"}],"author":[{"embeddable":true,"href":"https:\/\/millivina.is\/de\/wp-json\/wp\/v2\/users\/1"}],"replies":[{"embeddable":true,"href":"https:\/\/millivina.is\/de\/wp-json\/wp\/v2\/comments?post=366"}],"version-history":[{"count":18,"href":"https:\/\/millivina.is\/de\/wp-json\/wp\/v2\/pages\/366\/revisions"}],"predecessor-version":[{"id":7612,"href":"https:\/\/millivina.is\/de\/wp-json\/wp\/v2\/pages\/366\/revisions\/7612"}],"wp:attachment":[{"href":"https:\/\/millivina.is\/de\/wp-json\/wp\/v2\/media?parent=366"}],"curies":[{"name":"wp","href":"https:\/\/api.w.org\/{rel}","templated":true}]}}