{"id":351,"date":"2019-03-22T22:55:50","date_gmt":"2019-03-22T22:55:50","guid":{"rendered":"http:\/\/new.millivina.is\/excursions\/"},"modified":"2019-03-23T18:53:17","modified_gmt":"2019-03-23T18:53:17","slug":"ausfluege","status":"publish","type":"page","link":"https:\/\/millivina.is\/de\/ausfluege\/","title":{"rendered":"Ausfl\u00fcge"},"content":{"rendered":"<div id=\"cs-content\" class=\"cs-content\"><\/div>\n","protected":false},"excerpt":{"rendered":"<p>AUSFL\u00dcGE Das\u00a0G\u00e4stehaus Milli Vina\u00a0befindet sich bei Hv\u00edt\u00e1rbakki. Hv\u00edt\u00e1rbakki ist ein Bauernhof und liegt in sch\u00f6ner Umgebung in der N\u00e4he des Flusses Hv\u00edt\u00e1 und die n\u00e4chstliegende Stadt ist Borgarnes. Der Westen Islands ist bekannt f\u00fcr seine vielen, interessanten und sehenswerten Orte: Deildartunguhver\u00a0\u2013 Die geothermische Quelle befindet sich in 16 km Entfernung auf der Stra\u00dfe Nummer. 50. Es ist eine Hei\u00dfwasserquelle und &#8230; <\/p>\n<div><a href=\"https:\/\/millivina.is\/de\/ausfluege\/\" class=\"more-link\">Read More<\/a><\/div>\n","protected":false},"author":1,"featured_media":0,"parent":0,"menu_order":0,"comment_status":"closed","ping_status":"closed","template":"template-blank-4.php","meta":{"footnotes":""},"class_list":["post-351","page","type-page","status-publish","hentry","no-post-thumbnail"],"_links":{"self":[{"href":"https:\/\/millivina.is\/de\/wp-json\/wp\/v2\/pages\/351","targetHints":{"allow":["GET"]}}],"collection":[{"href":"https:\/\/millivina.is\/de\/wp-json\/wp\/v2\/pages"}],"about":[{"href":"https:\/\/millivina.is\/de\/wp-json\/wp\/v2\/types\/page"}],"author":[{"embeddable":true,"href":"https:\/\/millivina.is\/de\/wp-json\/wp\/v2\/users\/1"}],"replies":[{"embeddable":true,"href":"https:\/\/millivina.is\/de\/wp-json\/wp\/v2\/comments?post=351"}],"version-history":[{"count":3,"href":"https:\/\/millivina.is\/de\/wp-json\/wp\/v2\/pages\/351\/revisions"}],"predecessor-version":[{"id":362,"href":"https:\/\/millivina.is\/de\/wp-json\/wp\/v2\/pages\/351\/revisions\/362"}],"wp:attachment":[{"href":"https:\/\/millivina.is\/de\/wp-json\/wp\/v2\/media?parent=351"}],"curies":[{"name":"wp","href":"https:\/\/api.w.org\/{rel}","templated":true}]}}