{"id":334,"date":"2019-03-22T23:02:39","date_gmt":"2019-03-22T23:02:39","guid":{"rendered":"http:\/\/new.millivina.is\/contacts\/"},"modified":"2019-03-23T19:46:46","modified_gmt":"2019-03-23T19:46:46","slug":"kontakte","status":"publish","type":"page","link":"https:\/\/millivina.is\/de\/kontakte\/","title":{"rendered":"Kontakte"},"content":{"rendered":"<div id=\"cs-content\" class=\"cs-content\"><\/div>\n","protected":false},"excerpt":{"rendered":"<p>KONTAKTEGuesthouse Milli Vina Gistiheimili ehf. Hv\u00edt\u00e1rbakka Borgarfir\u00f0i Kt.\u00a0550501-2520 Tel.\u00a000 354 785 1082 GPS\u00a064.6250837,-21.6294193 Das G\u00e4stehaus Milli Vina ist in Hv\u00edt\u00e1rbakki im westlichen Teil von Island. Wenn Sie aus Richtung Reykjavik kommen, k\u00f6nnen Sie durch den Hvalfjardargong (den Stra\u00dfentunnel entlang der Ringstra\u00dfe 1) fahren. Sie fahren entlang Ringstra\u00dfe 1 (ca. 70 km), bis Sie Stra\u00dfe 50, erreichen, die auf der rechten &#8230; <\/p>\n<div><a href=\"https:\/\/millivina.is\/de\/kontakte\/\" class=\"more-link\">Read More<\/a><\/div>\n","protected":false},"author":1,"featured_media":0,"parent":0,"menu_order":0,"comment_status":"closed","ping_status":"closed","template":"template-blank-4.php","meta":{"footnotes":""},"class_list":["post-334","page","type-page","status-publish","hentry","no-post-thumbnail"],"_links":{"self":[{"href":"https:\/\/millivina.is\/de\/wp-json\/wp\/v2\/pages\/334","targetHints":{"allow":["GET"]}}],"collection":[{"href":"https:\/\/millivina.is\/de\/wp-json\/wp\/v2\/pages"}],"about":[{"href":"https:\/\/millivina.is\/de\/wp-json\/wp\/v2\/types\/page"}],"author":[{"embeddable":true,"href":"https:\/\/millivina.is\/de\/wp-json\/wp\/v2\/users\/1"}],"replies":[{"embeddable":true,"href":"https:\/\/millivina.is\/de\/wp-json\/wp\/v2\/comments?post=334"}],"version-history":[{"count":4,"href":"https:\/\/millivina.is\/de\/wp-json\/wp\/v2\/pages\/334\/revisions"}],"predecessor-version":[{"id":456,"href":"https:\/\/millivina.is\/de\/wp-json\/wp\/v2\/pages\/334\/revisions\/456"}],"wp:attachment":[{"href":"https:\/\/millivina.is\/de\/wp-json\/wp\/v2\/media?parent=334"}],"curies":[{"name":"wp","href":"https:\/\/api.w.org\/{rel}","templated":true}]}}