{"id":283,"date":"2019-03-22T20:36:55","date_gmt":"2019-03-22T20:36:55","guid":{"rendered":"http:\/\/new.millivina.is\/about-us\/"},"modified":"2019-03-23T18:24:01","modified_gmt":"2019-03-23T18:24:01","slug":"ueber-uns","status":"publish","type":"page","link":"https:\/\/millivina.is\/de\/ueber-uns\/","title":{"rendered":"Ueber uns"},"content":{"rendered":"<div id=\"cs-content\" class=\"cs-content\"><\/div>\n","protected":false},"excerpt":{"rendered":"<p>\u00dcBER UNS Die Geschichte von Milli Vina ist sehr sch\u00f6n. Das G\u00e4stehaus Milli Vina befindet sich bei Hv\u00edt\u00e1rbakki, das fr\u00fcher ein Bauernhof war. Im Jahr 1998 zogen Siggi und Inga (die ehemaligen Besitzer) nach Hv\u00edt\u00e1rbakki und bauten ein Zentrum zur Behandlung von Jugendlichen mit Drogenproblemen auf. Sie hatten auch einige Tiere, Schafe, Pferde, H\u00fchner, einen Hund und eine Katze. Im &#8230; <\/p>\n<div><a href=\"https:\/\/millivina.is\/de\/ueber-uns\/\" class=\"more-link\">Read More<\/a><\/div>\n","protected":false},"author":1,"featured_media":0,"parent":0,"menu_order":0,"comment_status":"closed","ping_status":"closed","template":"template-blank-4.php","meta":{"footnotes":""},"class_list":["post-283","page","type-page","status-publish","hentry","no-post-thumbnail"],"_links":{"self":[{"href":"https:\/\/millivina.is\/de\/wp-json\/wp\/v2\/pages\/283","targetHints":{"allow":["GET"]}}],"collection":[{"href":"https:\/\/millivina.is\/de\/wp-json\/wp\/v2\/pages"}],"about":[{"href":"https:\/\/millivina.is\/de\/wp-json\/wp\/v2\/types\/page"}],"author":[{"embeddable":true,"href":"https:\/\/millivina.is\/de\/wp-json\/wp\/v2\/users\/1"}],"replies":[{"embeddable":true,"href":"https:\/\/millivina.is\/de\/wp-json\/wp\/v2\/comments?post=283"}],"version-history":[{"count":13,"href":"https:\/\/millivina.is\/de\/wp-json\/wp\/v2\/pages\/283\/revisions"}],"predecessor-version":[{"id":330,"href":"https:\/\/millivina.is\/de\/wp-json\/wp\/v2\/pages\/283\/revisions\/330"}],"wp:attachment":[{"href":"https:\/\/millivina.is\/de\/wp-json\/wp\/v2\/media?parent=283"}],"curies":[{"name":"wp","href":"https:\/\/api.w.org\/{rel}","templated":true}]}}